{"id":2778,"date":"2024-05-10T18:05:33","date_gmt":"2024-05-10T18:05:33","guid":{"rendered":"https:\/\/www.fundacionpatasarriba.com\/signa-per-un-vincle-sa-i-responsable-amb-els-animals\/"},"modified":"2024-05-11T08:12:25","modified_gmt":"2024-05-11T08:12:25","slug":"signa-per-un-vincle-sa-i-responsable-amb-els-animals","status":"publish","type":"page","link":"https:\/\/www.fundacionpatasarriba.com\/ca\/signa-per-un-vincle-sa-i-responsable-amb-els-animals\/","title":{"rendered":"Signa per un vincle sa i responsable amb els animals"},"content":{"rendered":"\t\t<div data-elementor-type=\"wp-page\" data-elementor-id=\"2778\" class=\"elementor elementor-2778 elementor-2771\" data-elementor-post-type=\"page\">\n\t\t\t\t<div class=\"elementor-element elementor-element-3a1fc4a8 e-con-full elementor-hidden-mobile e-flex e-con e-parent\" data-id=\"3a1fc4a8\" data-element_type=\"container\" data-e-type=\"container\">\n\t\t\t\t<div class=\"elementor-element elementor-element-2f97b309 elementor-widget-divider--view-line elementor-widget elementor-widget-divider\" data-id=\"2f97b309\" data-element_type=\"widget\" data-e-type=\"widget\" data-widget_type=\"divider.default\">\n\t\t\t\t<div class=\"elementor-widget-container\">\n\t\t\t\t\t\t\t<div class=\"elementor-divider\">\n\t\t\t<span class=\"elementor-divider-separator\">\n\t\t\t\t\t\t<\/span>\n\t\t<\/div>\n\t\t\t\t\t\t<\/div>\n\t\t\t\t<\/div>\n\t\t\t\t<div class=\"elementor-element elementor-element-4935e055 elementor-widget elementor-widget-heading\" data-id=\"4935e055\" data-element_type=\"widget\" data-e-type=\"widget\" data-widget_type=\"heading.default\">\n\t\t\t\t<div class=\"elementor-widget-container\">\n\t\t\t\t\t<h2 class=\"elementor-heading-title elementor-size-default\">SIGNA PEL<br>\nBENESTAR ANIMAL<br>\nA LES ESCOLES<\/h2>\t\t\t\t<\/div>\n\t\t\t\t<\/div>\n\t\t\t\t<div class=\"elementor-element elementor-element-1dd849df elementor-widget-divider--view-line elementor-widget elementor-widget-divider\" data-id=\"1dd849df\" data-element_type=\"widget\" data-e-type=\"widget\" data-widget_type=\"divider.default\">\n\t\t\t\t<div class=\"elementor-widget-container\">\n\t\t\t\t\t\t\t<div class=\"elementor-divider\">\n\t\t\t<span class=\"elementor-divider-separator\">\n\t\t\t\t\t\t<\/span>\n\t\t<\/div>\n\t\t\t\t\t\t<\/div>\n\t\t\t\t<\/div>\n\t\t\t\t<\/div>\n\t\t<div class=\"elementor-element elementor-element-fccbf6 elementor-hidden-mobile e-flex e-con-boxed e-con e-parent\" data-id=\"fccbf6\" data-element_type=\"container\" data-e-type=\"container\" data-settings=\"{&quot;background_background&quot;:&quot;classic&quot;}\">\n\t\t\t\t\t<div class=\"e-con-inner\">\n\t\t\t\t<div class=\"elementor-element elementor-element-2190cac6 elementor-widget elementor-widget-heading\" data-id=\"2190cac6\" data-element_type=\"widget\" data-e-type=\"widget\" data-widget_type=\"heading.default\">\n\t\t\t\t<div class=\"elementor-widget-container\">\n\t\t\t\t\t<h2 class=\"elementor-heading-title elementor-size-default\">RECOLLIDA DE SIGNATURES PERQU\u00c8 EL BENESTAR ANIMAL, ELS DRETS DELS ANIMALS I EL SEU VINCLE AMB ELS HUMANS S'ENSENYIN A LES ESCOLES<\/h2>\t\t\t\t<\/div>\n\t\t\t\t<\/div>\n\t\t\t\t\t<\/div>\n\t\t\t\t<\/div>\n\t\t<div class=\"elementor-element elementor-element-663413c0 elementor-hidden-mobile e-flex e-con-boxed e-con e-parent\" data-id=\"663413c0\" data-element_type=\"container\" data-e-type=\"container\">\n\t\t\t\t\t<div class=\"e-con-inner\">\n\t\t\t\t<div class=\"elementor-element elementor-element-22e54173 elementor-widget elementor-widget-text-editor\" data-id=\"22e54173\" data-element_type=\"widget\" data-e-type=\"widget\" data-widget_type=\"text-editor.default\">\n\t\t\t\t<div class=\"elementor-widget-container\">\n\t\t\t\t\t\t\t\t\t<p>A la Fundaci\u00f3 Patas Arriba volem fomentar una actitud responsable davant del maltractament animal a trav\u00e9s de l&#8217;educaci\u00f3,<\/p>\n<p>i tenim una proposta d&#8217;aprenentatge avalada per pedagogs que es pot aplicar a tots els centres educatius.<\/p>\n\t\t\t\t\t\t\t\t<\/div>\n\t\t\t\t<\/div>\n\t\t\t\t\t<\/div>\n\t\t\t\t<\/div>\n\t\t<div class=\"elementor-element elementor-element-5681373b elementor-hidden-mobile e-flex e-con-boxed e-con e-parent\" data-id=\"5681373b\" data-element_type=\"container\" data-e-type=\"container\">\n\t\t\t\t\t<div class=\"e-con-inner\">\n\t\t\t\t<div class=\"elementor-element elementor-element-1b862609 elementor-widget elementor-widget-text-editor\" data-id=\"1b862609\" data-element_type=\"widget\" data-e-type=\"widget\" data-widget_type=\"text-editor.default\">\n\t\t\t\t<div class=\"elementor-widget-container\">\n\t\t\t\t\t\t\t\t\t<p><span style=\"color: #ffffff;\">SIGNATURA<\/span><\/p>\n\t\t\t\t\t\t\t\t<\/div>\n\t\t\t\t<\/div>\n\t\t\t\t\t<\/div>\n\t\t\t\t<\/div>\n\t\t<div class=\"elementor-element elementor-element-46da0eda elementor-hidden-mobile e-flex e-con-boxed e-con e-parent\" data-id=\"46da0eda\" data-element_type=\"container\" data-e-type=\"container\">\n\t\t\t\t\t<div class=\"e-con-inner\">\n\t\t\t\t<div class=\"elementor-element elementor-element-59678030 elementor-button-align-stretch elementor-widget elementor-widget-form\" data-id=\"59678030\" data-element_type=\"widget\" data-e-type=\"widget\" data-settings=\"{&quot;step_next_label&quot;:&quot;Seg\\u00fcent&quot;,&quot;step_previous_label&quot;:&quot;Anterior&quot;,&quot;button_width&quot;:&quot;100&quot;,&quot;step_type&quot;:&quot;number_text&quot;,&quot;step_icon_shape&quot;:&quot;circle&quot;}\" data-widget_type=\"form.default\">\n\t\t\t\t<div class=\"elementor-widget-container\">\n\t\t\t\t\t\t\t<form class=\"elementor-form\" method=\"post\" name=\"Nou formulari\" aria-label=\"Nou formulari\">\n\t\t\t<input type=\"hidden\" name=\"post_id\" value=\"2778\"\/>\n\t\t\t<input type=\"hidden\" name=\"form_id\" value=\"59678030\"\/>\n\t\t\t<input type=\"hidden\" name=\"referer_title\" value=\"Signa per un vincle sa i responsable amb els animals - Fundaci\u00f3n Patas Arriba\" \/>\n\n\t\t\t\t\t\t\t<input type=\"hidden\" name=\"queried_id\" value=\"2778\"\/>\n\t\t\t\n\t\t\t<div class=\"elementor-form-fields-wrapper elementor-labels-above\">\n\t\t\t\t\t\t\t\t<div class=\"elementor-field-type-text elementor-field-group elementor-column elementor-field-group-name elementor-col-100 elementor-field-required\">\n\t\t\t\t\t\t\t\t\t\t\t\t\t<input size=\"1\" type=\"text\" name=\"form_fields[name]\" id=\"form-field-name\" class=\"elementor-field elementor-size-sm  elementor-field-textual\" placeholder=\"Nom i cognoms*\" required=\"required\">\n\t\t\t\t\t\t\t\t\t\t\t<\/div>\n\t\t\t\t\t\t\t\t<div class=\"elementor-field-type-text elementor-field-group elementor-column elementor-field-group-field_30e9486 elementor-col-100 elementor-field-required\">\n\t\t\t\t\t\t\t\t\t\t\t\t\t<input size=\"1\" type=\"text\" name=\"form_fields[field_30e9486]\" id=\"form-field-field_30e9486\" class=\"elementor-field elementor-size-sm  elementor-field-textual\" placeholder=\"DNI*\" required=\"required\">\n\t\t\t\t\t\t\t\t\t\t\t<\/div>\n\t\t\t\t\t\t\t\t<div class=\"elementor-field-type-number elementor-field-group elementor-column elementor-field-group-field_412897a elementor-col-100 elementor-field-required\">\n\t\t\t\t\t\t\t\t<input type=\"number\" name=\"form_fields[field_412897a]\" id=\"form-field-field_412897a\" class=\"elementor-field elementor-size-sm  elementor-field-textual\" placeholder=\"Tel\u00e8fon*\" required=\"required\" min=\"\" max=\"\" >\n\t\t\t\t\t\t<\/div>\n\t\t\t\t\t\t\t\t<div class=\"elementor-field-type-email elementor-field-group elementor-column elementor-field-group-email elementor-col-100 elementor-field-required\">\n\t\t\t\t\t\t\t\t\t\t\t\t\t<input size=\"1\" type=\"email\" name=\"form_fields[email]\" id=\"form-field-email\" class=\"elementor-field elementor-size-sm  elementor-field-textual\" placeholder=\"Correu electr\u00f2nic*\" required=\"required\">\n\t\t\t\t\t\t\t\t\t\t\t<\/div>\n\t\t\t\t\t\t\t\t<div class=\"elementor-field-group elementor-column elementor-field-type-submit elementor-col-100 e-form__buttons\">\n\t\t\t\t\t<button class=\"elementor-button elementor-size-md\" type=\"submit\">\n\t\t\t\t\t\t<span class=\"elementor-button-content-wrapper\">\n\t\t\t\t\t\t\t\t\t\t\t\t\t\t\t\t\t\t\t\t\t\t<span class=\"elementor-button-text\">Enviar<\/span>\n\t\t\t\t\t\t\t\t\t\t\t\t\t<\/span>\n\t\t\t\t\t<\/button>\n\t\t\t\t<\/div>\n\t\t\t<\/div>\n\t\t<\/form>\n\t\t\t\t\t\t<\/div>\n\t\t\t\t<\/div>\n\t\t\t\t\t<\/div>\n\t\t\t\t<\/div>\n\t\t<div class=\"elementor-element elementor-element-1254a130 e-con-full elementor-hidden-mobile e-flex e-con e-parent\" data-id=\"1254a130\" data-element_type=\"container\" data-e-type=\"container\">\n\t\t<div class=\"elementor-element elementor-element-3c948c07 e-con-full elementor-hidden-tablet elementor-hidden-mobile e-flex e-con e-child\" data-id=\"3c948c07\" data-element_type=\"container\" data-e-type=\"container\">\n\t\t\t\t<div class=\"elementor-element elementor-element-2bebf30f elementor-widget-divider--view-line elementor-widget elementor-widget-divider\" data-id=\"2bebf30f\" data-element_type=\"widget\" data-e-type=\"widget\" data-widget_type=\"divider.default\">\n\t\t\t\t<div class=\"elementor-widget-container\">\n\t\t\t\t\t\t\t<div class=\"elementor-divider\">\n\t\t\t<span class=\"elementor-divider-separator\">\n\t\t\t\t\t\t<\/span>\n\t\t<\/div>\n\t\t\t\t\t\t<\/div>\n\t\t\t\t<\/div>\n\t\t<div class=\"elementor-element elementor-element-7526f79 e-con-full e-flex e-con e-child\" data-id=\"7526f79\" data-element_type=\"container\" data-e-type=\"container\">\n\t\t\t\t<div class=\"elementor-element elementor-element-54bc63f2 e-transform e-transform e-transform e-transform elementor-widget elementor-widget-heading\" data-id=\"54bc63f2\" data-element_type=\"widget\" data-e-type=\"widget\" data-settings=\"{&quot;_transform_rotateZ_effect&quot;:{&quot;unit&quot;:&quot;px&quot;,&quot;size&quot;:&quot;&quot;,&quot;sizes&quot;:[]},&quot;_transform_rotateZ_effect_tablet&quot;:{&quot;unit&quot;:&quot;deg&quot;,&quot;size&quot;:&quot;&quot;,&quot;sizes&quot;:[]},&quot;_transform_rotateZ_effect_mobile&quot;:{&quot;unit&quot;:&quot;deg&quot;,&quot;size&quot;:&quot;&quot;,&quot;sizes&quot;:[]},&quot;_transform_translateX_effect&quot;:{&quot;unit&quot;:&quot;px&quot;,&quot;size&quot;:&quot;&quot;,&quot;sizes&quot;:[]},&quot;_transform_translateX_effect_tablet&quot;:{&quot;unit&quot;:&quot;px&quot;,&quot;size&quot;:&quot;&quot;,&quot;sizes&quot;:[]},&quot;_transform_translateX_effect_mobile&quot;:{&quot;unit&quot;:&quot;px&quot;,&quot;size&quot;:&quot;&quot;,&quot;sizes&quot;:[]},&quot;_transform_translateY_effect&quot;:{&quot;unit&quot;:&quot;px&quot;,&quot;size&quot;:&quot;&quot;,&quot;sizes&quot;:[]},&quot;_transform_translateY_effect_tablet&quot;:{&quot;unit&quot;:&quot;px&quot;,&quot;size&quot;:&quot;&quot;,&quot;sizes&quot;:[]},&quot;_transform_translateY_effect_mobile&quot;:{&quot;unit&quot;:&quot;px&quot;,&quot;size&quot;:&quot;&quot;,&quot;sizes&quot;:[]},&quot;_transform_scale_effect&quot;:{&quot;unit&quot;:&quot;px&quot;,&quot;size&quot;:&quot;&quot;,&quot;sizes&quot;:[]},&quot;_transform_scale_effect_tablet&quot;:{&quot;unit&quot;:&quot;px&quot;,&quot;size&quot;:&quot;&quot;,&quot;sizes&quot;:[]},&quot;_transform_scale_effect_mobile&quot;:{&quot;unit&quot;:&quot;px&quot;,&quot;size&quot;:&quot;&quot;,&quot;sizes&quot;:[]},&quot;_transform_skewX_effect&quot;:{&quot;unit&quot;:&quot;px&quot;,&quot;size&quot;:&quot;&quot;,&quot;sizes&quot;:[]},&quot;_transform_skewX_effect_tablet&quot;:{&quot;unit&quot;:&quot;deg&quot;,&quot;size&quot;:&quot;&quot;,&quot;sizes&quot;:[]},&quot;_transform_skewX_effect_mobile&quot;:{&quot;unit&quot;:&quot;deg&quot;,&quot;size&quot;:&quot;&quot;,&quot;sizes&quot;:[]},&quot;_transform_skewY_effect&quot;:{&quot;unit&quot;:&quot;px&quot;,&quot;size&quot;:&quot;&quot;,&quot;sizes&quot;:[]},&quot;_transform_skewY_effect_tablet&quot;:{&quot;unit&quot;:&quot;deg&quot;,&quot;size&quot;:&quot;&quot;,&quot;sizes&quot;:[]},&quot;_transform_skewY_effect_mobile&quot;:{&quot;unit&quot;:&quot;deg&quot;,&quot;size&quot;:&quot;&quot;,&quot;sizes&quot;:[]}}\" data-widget_type=\"heading.default\">\n\t\t\t\t<div class=\"elementor-widget-container\">\n\t\t\t\t\t<h1 class=\"elementor-heading-title elementor-size-xxl\">UNA FUNDACI\u00d3<br>AMB UN TOC<br>MOLT GUAU<\/h1>\t\t\t\t<\/div>\n\t\t\t\t<\/div>\n\t\t\t\t<div class=\"elementor-element elementor-element-57af57f6 elementor-align-center elementor-widget elementor-widget-button\" data-id=\"57af57f6\" data-element_type=\"widget\" data-e-type=\"widget\" data-widget_type=\"button.default\">\n\t\t\t\t<div class=\"elementor-widget-container\">\n\t\t\t\t\t\t\t\t\t<div class=\"elementor-button-wrapper\">\n\t\t\t\t\t<a class=\"elementor-button elementor-button-link elementor-size-lg\" href=\"https:\/\/www.fundacionpatasarriba.com\/ca\/fes-te-soci-a\/\" target=\"_blank\" rel=\"nofollow\">\n\t\t\t\t\t\t<span class=\"elementor-button-content-wrapper\">\n\t\t\t\t\t\t\t\t\t<span class=\"elementor-button-text\">Fes-te soci\/a<\/span>\n\t\t\t\t\t<\/span>\n\t\t\t\t\t<\/a>\n\t\t\t\t<\/div>\n\t\t\t\t\t\t\t\t<\/div>\n\t\t\t\t<\/div>\n\t\t\t\t<div class=\"elementor-element elementor-element-3a19652b elementor-widget-divider--view-line elementor-widget elementor-widget-divider\" data-id=\"3a19652b\" data-element_type=\"widget\" data-e-type=\"widget\" data-widget_type=\"divider.default\">\n\t\t\t\t<div class=\"elementor-widget-container\">\n\t\t\t\t\t\t\t<div class=\"elementor-divider\">\n\t\t\t<span class=\"elementor-divider-separator\">\n\t\t\t\t\t\t<\/span>\n\t\t<\/div>\n\t\t\t\t\t\t<\/div>\n\t\t\t\t<\/div>\n\t\t\t\t<\/div>\n\t\t\t\t<\/div>\n\t\t\t\t<\/div>\n\t\t\t\t<\/div>\n\t\t","protected":false},"excerpt":{"rendered":"<p>SIGNA PEL BENESTAR ANIMAL A LES ESCOLES RECOLLIDA DE SIGNATURES PERQU\u00c8 EL BENESTAR ANIMAL, ELS DRETS DELS ANIMALS I EL SEU VINCLE AMB ELS HUMANS S&#8217;ENSENYIN A LES ESCOLES A la Fundaci\u00f3 Patas Arriba volem fomentar una actitud responsable davant del maltractament animal a trav\u00e9s de l&#8217;educaci\u00f3, i tenim una proposta d&#8217;aprenentatge avalada per pedagogs [&hellip;]<\/p>\n","protected":false},"author":1,"featured_media":0,"parent":0,"menu_order":0,"comment_status":"closed","ping_status":"closed","template":"","meta":{"footnotes":""},"class_list":["post-2778","page","type-page","status-publish","hentry"],"yoast_head":"<!-- This site is optimized with the Yoast SEO plugin v27.2 - https:\/\/yoast.com\/product\/yoast-seo-wordpress\/ -->\n<title>Signa per un vincle sa i responsable amb els animals - Fundaci\u00f3n Patas Arriba<\/title>\n<meta name=\"description\" content=\"Recollida de firmes perqu\u00e8 els drets dels animals i el seu vincle amb els humans s&#039;ensenyin a les escoles. Signa ja a Patas Arriba!\" \/>\n<meta name=\"robots\" content=\"index, follow, max-snippet:-1, max-image-preview:large, max-video-preview:-1\" \/>\n<link rel=\"canonical\" href=\"https:\/\/www.fundacionpatasarriba.com\/ca\/signa-per-un-vincle-sa-i-responsable-amb-els-animals\/\" \/>\n<meta property=\"og:locale\" content=\"ca_ES\" \/>\n<meta property=\"og:type\" content=\"article\" \/>\n<meta property=\"og:title\" content=\"Signa per un vincle sa i responsable amb els animals - Fundaci\u00f3n Patas Arriba\" \/>\n<meta property=\"og:description\" content=\"Recollida de firmes perqu\u00e8 els drets dels animals i el seu vincle amb els humans s&#039;ensenyin a les escoles. Signa ja a Patas Arriba!\" \/>\n<meta property=\"og:url\" content=\"https:\/\/www.fundacionpatasarriba.com\/ca\/signa-per-un-vincle-sa-i-responsable-amb-els-animals\/\" \/>\n<meta property=\"og:site_name\" content=\"Fundaci\u00f3n Patas Arriba\" \/>\n<meta property=\"article:modified_time\" content=\"2024-05-11T08:12:25+00:00\" \/>\n<meta name=\"twitter:card\" content=\"summary_large_image\" \/>\n<script type=\"application\/ld+json\" class=\"yoast-schema-graph\">{\"@context\":\"https:\/\/schema.org\",\"@graph\":[{\"@type\":\"WebPage\",\"@id\":\"https:\/\/www.fundacionpatasarriba.com\/ca\/signa-per-un-vincle-sa-i-responsable-amb-els-animals\/\",\"url\":\"https:\/\/www.fundacionpatasarriba.com\/ca\/signa-per-un-vincle-sa-i-responsable-amb-els-animals\/\",\"name\":\"Signa per un vincle sa i responsable amb els animals - Fundaci\u00f3n Patas Arriba\",\"isPartOf\":{\"@id\":\"https:\/\/www.fundacionpatasarriba.com\/ca\/#website\"},\"datePublished\":\"2024-05-10T18:05:33+00:00\",\"dateModified\":\"2024-05-11T08:12:25+00:00\",\"description\":\"Recollida de firmes perqu\u00e8 els drets dels animals i el seu vincle amb els humans s'ensenyin a les escoles. Signa ja a Patas Arriba!\",\"breadcrumb\":{\"@id\":\"https:\/\/www.fundacionpatasarriba.com\/ca\/signa-per-un-vincle-sa-i-responsable-amb-els-animals\/#breadcrumb\"},\"inLanguage\":\"ca\",\"potentialAction\":[{\"@type\":\"ReadAction\",\"target\":[\"https:\/\/www.fundacionpatasarriba.com\/ca\/signa-per-un-vincle-sa-i-responsable-amb-els-animals\/\"]}]},{\"@type\":\"BreadcrumbList\",\"@id\":\"https:\/\/www.fundacionpatasarriba.com\/ca\/signa-per-un-vincle-sa-i-responsable-amb-els-animals\/#breadcrumb\",\"itemListElement\":[{\"@type\":\"ListItem\",\"position\":1,\"name\":\"Home\",\"item\":\"https:\/\/www.fundacionpatasarriba.com\/ca\/\"},{\"@type\":\"ListItem\",\"position\":2,\"name\":\"Signa per un vincle sa i responsable amb els animals\"}]},{\"@type\":\"WebSite\",\"@id\":\"https:\/\/www.fundacionpatasarriba.com\/ca\/#website\",\"url\":\"https:\/\/www.fundacionpatasarriba.com\/ca\/\",\"name\":\"Fundaci\u00f3n Patas Arriba\",\"description\":\"Por un v\u00ednculo sano entre personas y animales de compa\u00f1\u00eda\",\"publisher\":{\"@id\":\"https:\/\/www.fundacionpatasarriba.com\/ca\/#organization\"},\"potentialAction\":[{\"@type\":\"SearchAction\",\"target\":{\"@type\":\"EntryPoint\",\"urlTemplate\":\"https:\/\/www.fundacionpatasarriba.com\/ca\/?s={search_term_string}\"},\"query-input\":{\"@type\":\"PropertyValueSpecification\",\"valueRequired\":true,\"valueName\":\"search_term_string\"}}],\"inLanguage\":\"ca\"},{\"@type\":\"Organization\",\"@id\":\"https:\/\/www.fundacionpatasarriba.com\/ca\/#organization\",\"name\":\"Fundaci\u00f3n Patas Arriba\",\"url\":\"https:\/\/www.fundacionpatasarriba.com\/ca\/\",\"logo\":{\"@type\":\"ImageObject\",\"inLanguage\":\"ca\",\"@id\":\"https:\/\/www.fundacionpatasarriba.com\/ca\/#\/schema\/logo\/image\/\",\"url\":\"https:\/\/www.fundacionpatasarriba.com\/wp-content\/uploads\/2023\/10\/LOGO-HEADER.svg\",\"contentUrl\":\"https:\/\/www.fundacionpatasarriba.com\/wp-content\/uploads\/2023\/10\/LOGO-HEADER.svg\",\"width\":229,\"height\":50,\"caption\":\"Fundaci\u00f3n Patas Arriba\"},\"image\":{\"@id\":\"https:\/\/www.fundacionpatasarriba.com\/ca\/#\/schema\/logo\/image\/\"}}]}<\/script>\n<!-- \/ Yoast SEO plugin. -->","yoast_head_json":{"title":"Signa per un vincle sa i responsable amb els animals - Fundaci\u00f3n Patas Arriba","description":"Recollida de firmes perqu\u00e8 els drets dels animals i el seu vincle amb els humans s'ensenyin a les escoles. Signa ja a Patas Arriba!","robots":{"index":"index","follow":"follow","max-snippet":"max-snippet:-1","max-image-preview":"max-image-preview:large","max-video-preview":"max-video-preview:-1"},"canonical":"https:\/\/www.fundacionpatasarriba.com\/ca\/signa-per-un-vincle-sa-i-responsable-amb-els-animals\/","og_locale":"ca_ES","og_type":"article","og_title":"Signa per un vincle sa i responsable amb els animals - Fundaci\u00f3n Patas Arriba","og_description":"Recollida de firmes perqu\u00e8 els drets dels animals i el seu vincle amb els humans s'ensenyin a les escoles. Signa ja a Patas Arriba!","og_url":"https:\/\/www.fundacionpatasarriba.com\/ca\/signa-per-un-vincle-sa-i-responsable-amb-els-animals\/","og_site_name":"Fundaci\u00f3n Patas Arriba","article_modified_time":"2024-05-11T08:12:25+00:00","twitter_card":"summary_large_image","schema":{"@context":"https:\/\/schema.org","@graph":[{"@type":"WebPage","@id":"https:\/\/www.fundacionpatasarriba.com\/ca\/signa-per-un-vincle-sa-i-responsable-amb-els-animals\/","url":"https:\/\/www.fundacionpatasarriba.com\/ca\/signa-per-un-vincle-sa-i-responsable-amb-els-animals\/","name":"Signa per un vincle sa i responsable amb els animals - Fundaci\u00f3n Patas Arriba","isPartOf":{"@id":"https:\/\/www.fundacionpatasarriba.com\/ca\/#website"},"datePublished":"2024-05-10T18:05:33+00:00","dateModified":"2024-05-11T08:12:25+00:00","description":"Recollida de firmes perqu\u00e8 els drets dels animals i el seu vincle amb els humans s'ensenyin a les escoles. Signa ja a Patas Arriba!","breadcrumb":{"@id":"https:\/\/www.fundacionpatasarriba.com\/ca\/signa-per-un-vincle-sa-i-responsable-amb-els-animals\/#breadcrumb"},"inLanguage":"ca","potentialAction":[{"@type":"ReadAction","target":["https:\/\/www.fundacionpatasarriba.com\/ca\/signa-per-un-vincle-sa-i-responsable-amb-els-animals\/"]}]},{"@type":"BreadcrumbList","@id":"https:\/\/www.fundacionpatasarriba.com\/ca\/signa-per-un-vincle-sa-i-responsable-amb-els-animals\/#breadcrumb","itemListElement":[{"@type":"ListItem","position":1,"name":"Home","item":"https:\/\/www.fundacionpatasarriba.com\/ca\/"},{"@type":"ListItem","position":2,"name":"Signa per un vincle sa i responsable amb els animals"}]},{"@type":"WebSite","@id":"https:\/\/www.fundacionpatasarriba.com\/ca\/#website","url":"https:\/\/www.fundacionpatasarriba.com\/ca\/","name":"Fundaci\u00f3n Patas Arriba","description":"Por un v\u00ednculo sano entre personas y animales de compa\u00f1\u00eda","publisher":{"@id":"https:\/\/www.fundacionpatasarriba.com\/ca\/#organization"},"potentialAction":[{"@type":"SearchAction","target":{"@type":"EntryPoint","urlTemplate":"https:\/\/www.fundacionpatasarriba.com\/ca\/?s={search_term_string}"},"query-input":{"@type":"PropertyValueSpecification","valueRequired":true,"valueName":"search_term_string"}}],"inLanguage":"ca"},{"@type":"Organization","@id":"https:\/\/www.fundacionpatasarriba.com\/ca\/#organization","name":"Fundaci\u00f3n Patas Arriba","url":"https:\/\/www.fundacionpatasarriba.com\/ca\/","logo":{"@type":"ImageObject","inLanguage":"ca","@id":"https:\/\/www.fundacionpatasarriba.com\/ca\/#\/schema\/logo\/image\/","url":"https:\/\/www.fundacionpatasarriba.com\/wp-content\/uploads\/2023\/10\/LOGO-HEADER.svg","contentUrl":"https:\/\/www.fundacionpatasarriba.com\/wp-content\/uploads\/2023\/10\/LOGO-HEADER.svg","width":229,"height":50,"caption":"Fundaci\u00f3n Patas Arriba"},"image":{"@id":"https:\/\/www.fundacionpatasarriba.com\/ca\/#\/schema\/logo\/image\/"}}]}},"_links":{"self":[{"href":"https:\/\/www.fundacionpatasarriba.com\/ca\/wp-json\/wp\/v2\/pages\/2778","targetHints":{"allow":["GET"]}}],"collection":[{"href":"https:\/\/www.fundacionpatasarriba.com\/ca\/wp-json\/wp\/v2\/pages"}],"about":[{"href":"https:\/\/www.fundacionpatasarriba.com\/ca\/wp-json\/wp\/v2\/types\/page"}],"author":[{"embeddable":true,"href":"https:\/\/www.fundacionpatasarriba.com\/ca\/wp-json\/wp\/v2\/users\/1"}],"replies":[{"embeddable":true,"href":"https:\/\/www.fundacionpatasarriba.com\/ca\/wp-json\/wp\/v2\/comments?post=2778"}],"version-history":[{"count":1,"href":"https:\/\/www.fundacionpatasarriba.com\/ca\/wp-json\/wp\/v2\/pages\/2778\/revisions"}],"predecessor-version":[{"id":2779,"href":"https:\/\/www.fundacionpatasarriba.com\/ca\/wp-json\/wp\/v2\/pages\/2778\/revisions\/2779"}],"wp:attachment":[{"href":"https:\/\/www.fundacionpatasarriba.com\/ca\/wp-json\/wp\/v2\/media?parent=2778"}],"curies":[{"name":"wp","href":"https:\/\/api.w.org\/{rel}","templated":true}]}}